{"id":952,"date":"2021-12-10T11:55:14","date_gmt":"2021-12-10T09:55:14","guid":{"rendered":"http:\/\/www.vrouwenmuziek.nl\/?page_id=952"},"modified":"2021-12-14T21:53:27","modified_gmt":"2021-12-14T19:53:27","slug":"hanna-beekhuis","status":"publish","type":"page","link":"https:\/\/vrouwenmuziek.nl\/wordpress\/en\/hanna-beekhuis\/","title":{"rendered":"Hanna Beekhuis"},"content":{"rendered":"\n<p>Hanna Beekhuis<br>(b. Leeuwarden, Sep 24, 1889; d. Bloemendaal, Feb 2, 1980) Dutch pianist and composer. She studied music with Peter van Anrooy, Frits Schuurman and Otto Barblan. She continued studying piano at the Conservatory in Cologne with Ewald Str\u00e4sser and Franz B\u00f6lsche. She continued with Dirk Sch\u00e4fer and Bernard Stavenhagen. She formed a trio with the singer To van der Sluys and flutist Johan Feltkamp, where they performed works by Wolfgang Amadeus Mozart. She later made a society \u201cArt in an intimate<br>25 Helen Metzelaar, &#8220;Rosy Wertheim,\u201d Grove Music Online, 2001. Accessed 7 Sep. 2019.<br>20<br>circle\u201d where the purpose was to give an opportunity to artists and composers to present works without being published in the newspaper.26<br>Works: The compositions of Beekhuis are of both small and bigger forms. It is especially interesting to note that she has written many chamber music pieces for singers with different instruments. Other combinations are for choir with orchestra, various instrumental pieces written for ballet, chamber music and solo piano. She received an award for &#8216;Cupidootje&#8217; in 1951 and a gold medal and an honorary award for &#8216;Reflets du Japon&#8217; in 1961. Donemus Publishing Company have 42 of her works, while you can also find more works in Atria and Dutch Music Institute.<br>Further reading: An article written by Els van Swol in Leeuwarder Courant with the title Hanna Beekhuis herontdekt (trans. Rediscovered). Accessed 18th Feb 2020. https:\/\/www.delpher.nl\/nl\/kranten\/view?coll=ddd&amp;identifier=ddd:010566206:mpeg21:a0521<\/p>\n","protected":false},"excerpt":{"rendered":"<p>Hanna Beekhuis(b. Leeuwarden, Sep 24, 1889; d. Bloemendaal, Feb 2, 1980) Dutch pianist and composer. She studied music with Peter van Anrooy, Frits Schuurman and Otto Barblan. She continued studying piano at the Conservatory in Cologne with Ewald Str\u00e4sser and Franz B\u00f6lsche. She continued with Dirk Sch\u00e4fer and Bernard Stavenhagen. She formed a trio with&hellip; <a class=\"more-link\" href=\"https:\/\/vrouwenmuziek.nl\/wordpress\/en\/hanna-beekhuis\/\">Lees verder <span class=\"screen-reader-text\">Hanna Beekhuis<\/span><\/a><\/p>\n","protected":false},"author":5,"featured_media":0,"parent":0,"menu_order":0,"comment_status":"closed","ping_status":"closed","template":"","meta":{"footnotes":""},"class_list":["post-952","page","type-page","status-publish","hentry","entry"],"_links":{"self":[{"href":"https:\/\/vrouwenmuziek.nl\/wordpress\/wp-json\/wp\/v2\/pages\/952","targetHints":{"allow":["GET"]}}],"collection":[{"href":"https:\/\/vrouwenmuziek.nl\/wordpress\/wp-json\/wp\/v2\/pages"}],"about":[{"href":"https:\/\/vrouwenmuziek.nl\/wordpress\/wp-json\/wp\/v2\/types\/page"}],"author":[{"embeddable":true,"href":"https:\/\/vrouwenmuziek.nl\/wordpress\/wp-json\/wp\/v2\/users\/5"}],"replies":[{"embeddable":true,"href":"https:\/\/vrouwenmuziek.nl\/wordpress\/wp-json\/wp\/v2\/comments?post=952"}],"version-history":[{"count":1,"href":"https:\/\/vrouwenmuziek.nl\/wordpress\/wp-json\/wp\/v2\/pages\/952\/revisions"}],"predecessor-version":[{"id":953,"href":"https:\/\/vrouwenmuziek.nl\/wordpress\/wp-json\/wp\/v2\/pages\/952\/revisions\/953"}],"wp:attachment":[{"href":"https:\/\/vrouwenmuziek.nl\/wordpress\/wp-json\/wp\/v2\/media?parent=952"}],"curies":[{"name":"wp","href":"https:\/\/api.w.org\/{rel}","templated":true}]}}