{"id":934,"date":"2021-12-10T11:35:36","date_gmt":"2021-12-10T09:35:36","guid":{"rendered":"http:\/\/www.vrouwenmuziek.nl\/?page_id=934"},"modified":"2022-01-05T20:40:01","modified_gmt":"2022-01-05T18:40:01","slug":"andree-marie-clemence-bonhomme","status":"publish","type":"page","link":"https:\/\/vrouwenmuziek.nl\/wordpress\/en\/andree-marie-clemence-bonhomme\/","title":{"rendered":"Andr\u00e9e Marie Cl\u00e9mence Bonhomme"},"content":{"rendered":"\n<div class=\"wp-block-image is-style-rounded\"><figure class=\"aligncenter size-full\"><img loading=\"lazy\" decoding=\"async\" width=\"255\" height=\"388\" src=\"https:\/\/vrouwenmuziek.nl\/wordpress\/wp-content\/uploads\/2022\/01\/Andree_Bonhomme.jpg\" alt=\"\" class=\"wp-image-1078\" srcset=\"https:\/\/vrouwenmuziek.nl\/wordpress\/wp-content\/uploads\/2022\/01\/Andree_Bonhomme.jpg 255w, https:\/\/vrouwenmuziek.nl\/wordpress\/wp-content\/uploads\/2022\/01\/Andree_Bonhomme-197x300.jpg 197w\" sizes=\"auto, (max-width: 255px) 100vw, 255px\" \/><\/figure><\/div>\n\n\n\n<p>Andr\u00e9e Marie Cl\u00e9mence Bonhomme<br>(b. Maastricht, Dec 1, 1905; d. Brunssum, Mar 1, 1982) <br><br>Dutch composer and pianist. She studied the piano with Maria Gielen and composition with Henri Hermans. She travelled to Paris each summer from 1930 to 1937 to study with Milhaud. She made her d\u00e9but in 1928 with the Maastricht city orchestra both as a soloist in Mozart&#8217;s Piano Concert and as a composer with her Drie schetsen for chamber orchestra. She regularly performed with this orchestra, however during World War II she refused to sign a \u2018non-Jewish declaration\u2019, and consequently resigned from the Maastricht city orchestra. This led a declination in her career as the performances of her works was restricted to house concerts.<\/p>\n\n\n\n<p><strong>Works:<\/strong> <br><br>Bonhomme composed a huge amount of works for orchestra, chamber music and songs. From 1920-1925, she mainly focused on songs and pieces for piano. In 1925 she started to write also for string instrument and for orchestra. Dansons la gigue op. 76 was written for solo, choir and orchestra in 1932. Only a few female composers wrote music for ballet, Bonhomme wrote Xanthis (ballet) in 1938 and followed with Ballet Suite I (1940) and II (1941). She wrote some works for male choir and female choir from 1941-1956. Three pieces for organ were composed in 1956 and two of her last pieces were written for string quartets.<\/p>\n\n\n\n<p><a href=\"http:\/\/www.andreebonhomme.com\/\" data-type=\"URL\" data-id=\"http:\/\/www.andreebonhomme.com\/\">Overview of all her works<\/a><\/p>\n\n\n\n<p><strong>Further reading:<\/strong> <br><br>Andr\u00e9e Bonhomme Foundation Musical Legacy Foundation was founded in 1996 by Andr\u00e9e&#8217;s sister Annie Harmes &#8211; Bonhomme. Their objectives include managing the musical legacy, (letting) publishing and performing Andr\u00e9e&#8217;s work, and getting to know Andr\u00e9e&#8217;s compositions as widely as possible. The board is made up of some family members of Andr\u00e9e and musicologist Hans van Dijk.<\/p>\n\n\n\n<p> <a href=\"http:\/\/www.andreebonhomme.com\/\" data-type=\"URL\" data-id=\"http:\/\/www.andreebonhomme.com\/\">Andr\u00e9e Bonhomme Foundation <\/a><\/p>\n\n\n\n<p><br><br><\/p>\n","protected":false},"excerpt":{"rendered":"<p>Andr\u00e9e Marie Cl\u00e9mence Bonhomme(b. Maastricht, Dec 1, 1905; d. Brunssum, Mar 1, 1982) Dutch composer and pianist. She studied the piano with Maria Gielen and composition with Henri Hermans. She travelled to Paris each summer from 1930 to 1937 to study with Milhaud. She made her d\u00e9but in 1928 with the Maastricht city orchestra both&hellip; <a class=\"more-link\" href=\"https:\/\/vrouwenmuziek.nl\/wordpress\/en\/andree-marie-clemence-bonhomme\/\">Lees verder <span class=\"screen-reader-text\">Andr\u00e9e Marie Cl\u00e9mence Bonhomme<\/span><\/a><\/p>\n","protected":false},"author":5,"featured_media":0,"parent":0,"menu_order":0,"comment_status":"closed","ping_status":"closed","template":"","meta":{"footnotes":""},"class_list":["post-934","page","type-page","status-publish","hentry","entry"],"_links":{"self":[{"href":"https:\/\/vrouwenmuziek.nl\/wordpress\/wp-json\/wp\/v2\/pages\/934","targetHints":{"allow":["GET"]}}],"collection":[{"href":"https:\/\/vrouwenmuziek.nl\/wordpress\/wp-json\/wp\/v2\/pages"}],"about":[{"href":"https:\/\/vrouwenmuziek.nl\/wordpress\/wp-json\/wp\/v2\/types\/page"}],"author":[{"embeddable":true,"href":"https:\/\/vrouwenmuziek.nl\/wordpress\/wp-json\/wp\/v2\/users\/5"}],"replies":[{"embeddable":true,"href":"https:\/\/vrouwenmuziek.nl\/wordpress\/wp-json\/wp\/v2\/comments?post=934"}],"version-history":[{"count":2,"href":"https:\/\/vrouwenmuziek.nl\/wordpress\/wp-json\/wp\/v2\/pages\/934\/revisions"}],"predecessor-version":[{"id":1079,"href":"https:\/\/vrouwenmuziek.nl\/wordpress\/wp-json\/wp\/v2\/pages\/934\/revisions\/1079"}],"wp:attachment":[{"href":"https:\/\/vrouwenmuziek.nl\/wordpress\/wp-json\/wp\/v2\/media?parent=934"}],"curies":[{"name":"wp","href":"https:\/\/api.w.org\/{rel}","templated":true}]}}