{"id":1124,"date":"2022-01-17T18:41:31","date_gmt":"2022-01-17T16:41:31","guid":{"rendered":"http:\/\/www.vrouwenmuziek.nl\/?page_id=1124"},"modified":"2022-01-17T18:41:31","modified_gmt":"2022-01-17T16:41:31","slug":"meric-artac","status":"publish","type":"page","link":"https:\/\/vrouwenmuziek.nl\/wordpress\/en\/meric-artac\/","title":{"rendered":"Meri\u00e7 Arta\u00e7"},"content":{"rendered":"\n<figure class=\"wp-block-image size-full is-style-twentytwentyone-image-frame\"><img loading=\"lazy\" decoding=\"async\" width=\"679\" height=\"985\" src=\"https:\/\/vrouwenmuziek.nl\/wordpress\/wp-content\/uploads\/2022\/01\/Meric-Artac.webp\" alt=\"\" class=\"wp-image-1125\" srcset=\"https:\/\/vrouwenmuziek.nl\/wordpress\/wp-content\/uploads\/2022\/01\/Meric-Artac.webp 679w, https:\/\/vrouwenmuziek.nl\/wordpress\/wp-content\/uploads\/2022\/01\/Meric-Artac-207x300.webp 207w\" sizes=\"auto, (max-width: 679px) 100vw, 679px\" \/><\/figure>\n\n\n\n<p> (b. Istanbul, Turkey, 1990) <\/p>\n\n\n\n<p><br>Meri\u00e7 Arta\u00e7 is a cultural entrepreneur in the broadest sense of the word. She was born in Istanbul, Turkey, in 1990. She started her musical education at the age of 5, when she entered the highly competitive Istanbul University State Conservatory. She obtained a degree from this school at age 18, alongside a French baccalaur\u00e9at from the Lyc\u00e9e Saint-Michel. \u00a0 \u00a0 \u00a0 \u00a0 \u00a0 \u00a0<br><br>Upon graduating she moved to Rotterdam to study composition under de guidance Peter-Jan Wagemans. In 2015 she graduated cum laude with a Master\u2019s degree in Composition.<\/p>\n\n\n\n<p>During her studies in Rotterdam Meri\u00e7 focussed on creating and composing music for theatre projects and opera. Her interest in multidisciplinary pieces has resulted in collaborations with dance, theatre and film. Her compositions, both acoustic as well as electronic, are musical representations of characters and stories she creates. Objects and situations that are normally overlooked are brought to life.\u00a0As a top graduate, she was invited to have her opera Kayra performed at the Gaudeamus Muziek Week in Utrecht.\u00a0<\/p>\n\n\n\n<p>\u200bIn 2016, Meri\u00e7 Arta\u00e7 received &#8220;de Rotterdamse School Compositieprijs&#8221; a prize from Doelen Ensemble. This prize is awarded once a year to a composition student of Codarts. During the Red Sofa series on the 10th of October 2016, the DoelenEnsemble chose to play &#8220;The Writer Quadrophonic&#8221;, an electronic piece that Meri\u00e7 Arta\u00e7 composed in 2013.<\/p>\n\n\n\n<p>\u200bIn 2015, Meri\u00e7 founded her own production company, Meri\u00e7 Arta\u00e7 Productions. Under this name she combines her talent for composition, her skilled piano work and her social engagement. In June 1st, 2016, Meri\u00e7 Arta\u00e7 became the Artistic Director of AKOM Ensemble, an ensemble for contemporary classical music based in Rotterdam until May, 2021.<\/p>\n\n\n\n<p>\u200bOn March 2018, a new piece was commissioned by Doelen Ensemble and Internationaal Danstheater. \u201cGaia\u201d was premiered in DeLaMar Theater. In November 2018, she premiered her opera Madam Koo with Diamantfabriek and AKOM Ensemble in Amsterdam, which will be touring during 2019\/2020.<\/p>\n\n\n\n<p>\u200bIn March 2019, her opera Kayra was invited by the University of Guanajuato Symphonic Orchestra (OSUG) premiere in Mexico during Callej\u00f3n del Ruido festival. In August 2019, she premiered her opera VrouwenStemmen at the GrachtenFestival.<\/p>\n\n\n\n<p>\u200bIn September 2020, her arrangement of The Moon Bridge by Florence Price was performed in the opening night of the National Ballet &amp; Dance in the opera FAUST (Working Title). In October 2020, her cello concerto FALAZ was premiered at the Cello Biennale Amsterdam by Pieter Wispelwey and Score Collective ensemble.<\/p>\n\n\n\n<p>\u200bDuring the years 2019-2021, Arta\u00e7 was the artist in residence at Festival Dag in de Branding. Meri\u00e7 has contributed to eight editions of the festival and premiered her opera The Arrival of Mr.Z in November 2021 at Nieuwe Kerk, Den Haag.<\/p>\n\n\n\n<p>\u200bAs of September 2018, Arta\u00e7 started teaching composition at Amsterdam Conservatory and became coordinator and the representative of the composition department of Rotterdam Conservatory.<\/p>\n\n\n\n<p><strong>Works:<\/strong> <\/p>\n\n\n\n<figure class=\"wp-block-embed is-type-video is-provider-youtube wp-block-embed-youtube wp-embed-aspect-16-9 wp-has-aspect-ratio\"><div class=\"wp-block-embed__wrapper\">\n<iframe loading=\"lazy\" title=\"VROUWENSTEMMEN - Grachtenfestival 2019\" width=\"750\" height=\"422\" src=\"https:\/\/www.youtube.com\/embed\/hci1mR1-Fdw?feature=oembed\" frameborder=\"0\" allow=\"accelerometer; autoplay; clipboard-write; encrypted-media; gyroscope; picture-in-picture\" allowfullscreen><\/iframe>\n<\/div><\/figure>\n\n\n\n<p><a href=\"https:\/\/www.mericartac.com\/compositions\" data-type=\"URL\" data-id=\"https:\/\/www.mericartac.com\/compositions\">More works<\/a><\/p>\n\n\n\n<p><strong>NOW:<\/strong><\/p>\n\n\n\n<p><\/p>\n\n\n\n<p><strong>Further reading:<\/strong><br><a href=\"https:\/\/theaderks.wordpress.com\/2018\/10\/23\/meric-artac-addresses-feelings-of-suspicion-and-fear-in-her-opera-madam-koo\/\" data-type=\"URL\" data-id=\"https:\/\/theaderks.wordpress.com\/2018\/10\/23\/meric-artac-addresses-feelings-of-suspicion-and-fear-in-her-opera-madam-koo\/\"><br>Interview with Thea Derks<\/a><br><a href=\"https:\/\/www.mericartac.com\/\" data-type=\"URL\" data-id=\"https:\/\/www.mericartac.com\/\">Website Meri\u00e7 Arta\u00e7 <\/a><\/p>\n\n\n\n<p><\/p>\n","protected":false},"excerpt":{"rendered":"<p>(b. Istanbul, Turkey, 1990) Meri\u00e7 Arta\u00e7 is a cultural entrepreneur in the broadest sense of the word. She was born in Istanbul, Turkey, in 1990. She started her musical education at the age of 5, when she entered the highly competitive Istanbul University State Conservatory. She obtained a degree from this school at age 18,&hellip; <a class=\"more-link\" href=\"https:\/\/vrouwenmuziek.nl\/wordpress\/en\/meric-artac\/\">Lees verder <span class=\"screen-reader-text\">Meri\u00e7 Arta\u00e7<\/span><\/a><\/p>\n","protected":false},"author":5,"featured_media":0,"parent":0,"menu_order":0,"comment_status":"closed","ping_status":"closed","template":"","meta":{"footnotes":""},"class_list":["post-1124","page","type-page","status-publish","hentry","entry"],"_links":{"self":[{"href":"https:\/\/vrouwenmuziek.nl\/wordpress\/wp-json\/wp\/v2\/pages\/1124","targetHints":{"allow":["GET"]}}],"collection":[{"href":"https:\/\/vrouwenmuziek.nl\/wordpress\/wp-json\/wp\/v2\/pages"}],"about":[{"href":"https:\/\/vrouwenmuziek.nl\/wordpress\/wp-json\/wp\/v2\/types\/page"}],"author":[{"embeddable":true,"href":"https:\/\/vrouwenmuziek.nl\/wordpress\/wp-json\/wp\/v2\/users\/5"}],"replies":[{"embeddable":true,"href":"https:\/\/vrouwenmuziek.nl\/wordpress\/wp-json\/wp\/v2\/comments?post=1124"}],"version-history":[{"count":1,"href":"https:\/\/vrouwenmuziek.nl\/wordpress\/wp-json\/wp\/v2\/pages\/1124\/revisions"}],"predecessor-version":[{"id":1126,"href":"https:\/\/vrouwenmuziek.nl\/wordpress\/wp-json\/wp\/v2\/pages\/1124\/revisions\/1126"}],"wp:attachment":[{"href":"https:\/\/vrouwenmuziek.nl\/wordpress\/wp-json\/wp\/v2\/media?parent=1124"}],"curies":[{"name":"wp","href":"https:\/\/api.w.org\/{rel}","templated":true}]}}